{"id":16,"date":"2024-11-07T13:49:32","date_gmt":"2024-11-07T16:49:32","guid":{"rendered":"https:\/\/ladspsi.ufpa.br\/?page_id=16"},"modified":"2025-07-01T11:09:57","modified_gmt":"2025-07-01T14:09:57","slug":"about","status":"publish","type":"page","link":"https:\/\/ladspsi.ufpa.br\/?page_id=16","title":{"rendered":"Sobre"},"content":{"rendered":"\t\t<div data-elementor-type=\"wp-page\" data-elementor-id=\"16\" class=\"elementor elementor-16\">\n\t\t\t\t<div class=\"elementor-element elementor-element-1317c08f e-con-full e-flex e-con e-parent\" data-id=\"1317c08f\" data-element_type=\"container\">\n\t\t<div class=\"elementor-element elementor-element-6bf3945e e-con-full e-flex e-con e-child\" data-id=\"6bf3945e\" data-element_type=\"container\">\n\t\t\t\t<div class=\"elementor-element elementor-element-258f778 elementor-widget elementor-widget-image\" data-id=\"258f778\" data-element_type=\"widget\" data-widget_type=\"image.default\">\n\t\t\t\t<div class=\"elementor-widget-container\">\n\t\t\t\t\t\t\t\t\t\t\t\t\t\t\t<img fetchpriority=\"high\" decoding=\"async\" width=\"1920\" height=\"1920\" src=\"https:\/\/ladspsi.ufpa.br\/wp-content\/uploads\/2024\/11\/logo_lads.webp\" class=\"attachment-full size-full wp-image-57\" alt=\"\" srcset=\"https:\/\/ladspsi.ufpa.br\/wp-content\/uploads\/2024\/11\/logo_lads.webp 1920w, https:\/\/ladspsi.ufpa.br\/wp-content\/uploads\/2024\/11\/logo_lads-300x300.webp 300w, https:\/\/ladspsi.ufpa.br\/wp-content\/uploads\/2024\/11\/logo_lads-1024x1024.webp 1024w, https:\/\/ladspsi.ufpa.br\/wp-content\/uploads\/2024\/11\/logo_lads-150x150.webp 150w, https:\/\/ladspsi.ufpa.br\/wp-content\/uploads\/2024\/11\/logo_lads-768x768.webp 768w, https:\/\/ladspsi.ufpa.br\/wp-content\/uploads\/2024\/11\/logo_lads-1536x1536.webp 1536w\" sizes=\"(max-width: 1920px) 100vw, 1920px\" \/>\t\t\t\t\t\t\t\t\t\t\t\t\t\t\t<\/div>\n\t\t\t\t<\/div>\n\t\t\t\t<\/div>\n\t\t<div class=\"elementor-element elementor-element-1d1ceeb7 e-con-full e-flex e-con e-child\" data-id=\"1d1ceeb7\" data-element_type=\"container\">\n\t\t\t\t<div class=\"elementor-element elementor-element-5441cb66 elementor-widget elementor-widget-heading\" data-id=\"5441cb66\" data-element_type=\"widget\" data-widget_type=\"heading.default\">\n\t\t\t\t<div class=\"elementor-widget-container\">\n\t\t\t\t\t<h1 class=\"elementor-heading-title elementor-size-default\">Sobre N\u00f3s<\/h1>\t\t\t\t<\/div>\n\t\t\t\t<\/div>\n\t\t\t\t<div class=\"elementor-element elementor-element-6321f01 elementor-widget elementor-widget-text-editor\" data-id=\"6321f01\" data-element_type=\"widget\" data-widget_type=\"text-editor.default\">\n\t\t\t\t<div class=\"elementor-widget-container\">\n\t\t\t\t\t\t\t\t\t<p class=\"MsoNormal\">O\u00a0<b>Laborat\u00f3rio de Desenvolvimento e Sa\u00fade (LADS)<\/b>\u00a0\u00e9 um grupo de pesquisa da\u00a0<b>Universidade Federal do Par\u00e1 (UFPA)<\/b>\u00a0que se dedica ao estudo e \u00e0 promo\u00e7\u00e3o do bem-estar psicol\u00f3gico. Nosso foco \u00e9 investigar diversas \u00e1reas da psicologia, incluindo desenvolvimento humano, din\u00e2mica familiar, avalia\u00e7\u00e3o psicol\u00f3gica e interven\u00e7\u00f5es psicoter\u00e1picas.<\/p>\t\t\t\t\t\t\t\t<\/div>\n\t\t\t\t<\/div>\n\t\t\t\t<\/div>\n\t\t\t\t<\/div>\n\t\t<div class=\"elementor-element elementor-element-410bcbf7 e-con-full e-flex e-con e-parent\" data-id=\"410bcbf7\" data-element_type=\"container\" data-settings=\"{&quot;background_background&quot;:&quot;classic&quot;}\">\n\t\t\t\t<div class=\"elementor-element elementor-element-73e657dd elementor-widget elementor-widget-heading\" data-id=\"73e657dd\" data-element_type=\"widget\" data-widget_type=\"heading.default\">\n\t\t\t\t<div class=\"elementor-widget-container\">\n\t\t\t\t\t<h2 class=\"elementor-heading-title elementor-size-default\">As Featured In<\/h2>\t\t\t\t<\/div>\n\t\t\t\t<\/div>\n\t\t\t\t<div class=\"elementor-element elementor-element-36db32f1 elementor-widget elementor-widget-heading\" data-id=\"36db32f1\" data-element_type=\"widget\" data-widget_type=\"heading.default\">\n\t\t\t\t<div class=\"elementor-widget-container\">\n\t\t\t\t\t<h5 class=\"elementor-heading-title elementor-size-default\">This is a space to showcase any publications your work has been featured in<\/h5>\t\t\t\t<\/div>\n\t\t\t\t<\/div>\n\t\t\t\t<div class=\"elementor-element elementor-element-46e4277a elementor-widget elementor-widget-image-carousel\" data-id=\"46e4277a\" data-element_type=\"widget\" data-settings=\"{&quot;slides_to_show&quot;:&quot;6&quot;,&quot;slides_to_show_tablet&quot;:&quot;3&quot;,&quot;navigation&quot;:&quot;none&quot;,&quot;pause_on_hover&quot;:&quot;no&quot;,&quot;pause_on_interaction&quot;:&quot;no&quot;,&quot;image_spacing_custom&quot;:{&quot;unit&quot;:&quot;px&quot;,&quot;size&quot;:&quot;55&quot;,&quot;sizes&quot;:[]},&quot;slides_to_scroll_tablet&quot;:&quot;1&quot;,&quot;slides_to_show_mobile&quot;:&quot;1&quot;,&quot;autoplay&quot;:&quot;yes&quot;,&quot;autoplay_speed&quot;:5000,&quot;infinite&quot;:&quot;yes&quot;,&quot;speed&quot;:500,&quot;image_spacing_custom_tablet&quot;:{&quot;unit&quot;:&quot;px&quot;,&quot;size&quot;:&quot;&quot;,&quot;sizes&quot;:[]}}\" data-widget_type=\"image-carousel.default\">\n\t\t\t\t<div class=\"elementor-widget-container\">\n\t\t\t\t\t\t\t<div class=\"elementor-image-carousel-wrapper swiper\" role=\"region\" aria-roledescription=\"carousel\" aria-label=\"Carrossel de imagens\" dir=\"ltr\">\n\t\t\t<div class=\"elementor-image-carousel swiper-wrapper\" aria-live=\"off\">\n\t\t\t\t\t\t\t\t<div class=\"swiper-slide\" role=\"group\" aria-roledescription=\"slide\" aria-label=\"1 de 5\"><figure class=\"swiper-slide-inner\"><img decoding=\"async\" class=\"swiper-slide-image\" src=\"https:\/\/ladspsi.ufpa.br\/wp-content\/uploads\/2024\/11\/Partners-Logo_5-13122021.svg\" alt=\"Partners-Logo_5-13122021.svg\" \/><\/figure><\/div><div class=\"swiper-slide\" role=\"group\" aria-roledescription=\"slide\" aria-label=\"2 de 5\"><figure class=\"swiper-slide-inner\"><img decoding=\"async\" class=\"swiper-slide-image\" src=\"https:\/\/ladspsi.ufpa.br\/wp-content\/uploads\/2024\/11\/Partners-Logo_2-13122021.svg\" alt=\"Partners-Logo_2-13122021.svg\" \/><\/figure><\/div><div class=\"swiper-slide\" role=\"group\" aria-roledescription=\"slide\" aria-label=\"3 de 5\"><figure class=\"swiper-slide-inner\"><img decoding=\"async\" class=\"swiper-slide-image\" src=\"https:\/\/ladspsi.ufpa.br\/wp-content\/uploads\/2024\/11\/Partners-Logo_1-13122021.svg\" alt=\"Partners-Logo_1-13122021.svg\" \/><\/figure><\/div><div class=\"swiper-slide\" role=\"group\" aria-roledescription=\"slide\" aria-label=\"4 de 5\"><figure class=\"swiper-slide-inner\"><img decoding=\"async\" class=\"swiper-slide-image\" src=\"https:\/\/ladspsi.ufpa.br\/wp-content\/uploads\/2024\/11\/Partners-Logo_4-13122021.svg\" alt=\"Partners-Logo_4-13122021.svg\" \/><\/figure><\/div><div class=\"swiper-slide\" role=\"group\" aria-roledescription=\"slide\" aria-label=\"5 de 5\"><figure class=\"swiper-slide-inner\"><img decoding=\"async\" class=\"swiper-slide-image\" src=\"https:\/\/ladspsi.ufpa.br\/wp-content\/uploads\/2024\/11\/Partners-Logo_3-13122021.svg\" alt=\"Partners-Logo_3-13122021.svg\" \/><\/figure><\/div>\t\t\t<\/div>\n\t\t\t\t\t\t\t\n\t\t\t\t\t\t\t\t\t<\/div>\n\t\t\t\t\t\t<\/div>\n\t\t\t\t<\/div>\n\t\t\t\t<\/div>\n\t\t<div class=\"elementor-element elementor-element-48f76e30 e-con-full e-flex e-con e-parent\" data-id=\"48f76e30\" data-element_type=\"container\">\n\t\t\t\t<div class=\"elementor-element elementor-element-778417ff elementor-widget elementor-widget-heading\" data-id=\"778417ff\" data-element_type=\"widget\" data-widget_type=\"heading.default\">\n\t\t\t\t<div class=\"elementor-widget-container\">\n\t\t\t\t\t<h2 class=\"elementor-heading-title elementor-size-default\">Recent Projects<\/h2>\t\t\t\t<\/div>\n\t\t\t\t<\/div>\n\t\t\t\t<div class=\"elementor-element elementor-element-2722b25a elementor-widget elementor-widget-heading\" data-id=\"2722b25a\" data-element_type=\"widget\" data-widget_type=\"heading.default\">\n\t\t\t\t<div class=\"elementor-widget-container\">\n\t\t\t\t\t<h5 class=\"elementor-heading-title elementor-size-default\">A short description that introduces visitors to your portfolio<\/h5>\t\t\t\t<\/div>\n\t\t\t\t<\/div>\n\t\t\t\t<div class=\"elementor-element elementor-element-1cd0ad96 gallery-spacing-custom elementor-widget elementor-widget-image-gallery\" data-id=\"1cd0ad96\" data-element_type=\"widget\" data-widget_type=\"image-gallery.default\">\n\t\t\t\t<div class=\"elementor-widget-container\">\n\t\t\t\t\t\t\t<div class=\"elementor-image-gallery\">\n\t\t\t<div id='gallery-1' class='gallery galleryid-16 gallery-columns-3 gallery-size-full'><figure class='gallery-item'>\n\t\t\t<div class='gallery-icon landscape'>\n\t\t\t\t<a data-elementor-open-lightbox=\"yes\" data-elementor-lightbox-slideshow=\"1cd0ad96\" data-elementor-lightbox-title=\"526x526_01.jpg\" data-e-action-hash=\"#elementor-action%3Aaction%3Dlightbox%26settings%3DeyJpZCI6MTEsInVybCI6Imh0dHBzOlwvXC9sYWRzcHNpLnVmcGEuYnJcL3dwLWNvbnRlbnRcL3VwbG9hZHNcLzIwMjRcLzExXC81MjZ4NTI2XzAxLndlYnAiLCJzbGlkZXNob3ciOiIxY2QwYWQ5NiJ9\" href='https:\/\/ladspsi.ufpa.br\/wp-content\/uploads\/2024\/11\/526x526_01.webp'><img decoding=\"async\" width=\"526\" height=\"526\" src=\"https:\/\/ladspsi.ufpa.br\/wp-content\/uploads\/2024\/11\/526x526_01.webp\" class=\"attachment-full size-full\" alt=\"\" srcset=\"https:\/\/ladspsi.ufpa.br\/wp-content\/uploads\/2024\/11\/526x526_01.webp 526w, https:\/\/ladspsi.ufpa.br\/wp-content\/uploads\/2024\/11\/526x526_01-300x300.webp 300w, https:\/\/ladspsi.ufpa.br\/wp-content\/uploads\/2024\/11\/526x526_01-150x150.webp 150w\" sizes=\"(max-width: 526px) 100vw, 526px\" \/><\/a>\n\t\t\t<\/div><\/figure><figure class='gallery-item'>\n\t\t\t<div class='gallery-icon landscape'>\n\t\t\t\t<a data-elementor-open-lightbox=\"yes\" data-elementor-lightbox-slideshow=\"1cd0ad96\" data-elementor-lightbox-title=\"526x526_02.jpg\" data-e-action-hash=\"#elementor-action%3Aaction%3Dlightbox%26settings%3DeyJpZCI6MTIsInVybCI6Imh0dHBzOlwvXC9sYWRzcHNpLnVmcGEuYnJcL3dwLWNvbnRlbnRcL3VwbG9hZHNcLzIwMjRcLzExXC81MjZ4NTI2XzAyLndlYnAiLCJzbGlkZXNob3ciOiIxY2QwYWQ5NiJ9\" href='https:\/\/ladspsi.ufpa.br\/wp-content\/uploads\/2024\/11\/526x526_02.webp'><img decoding=\"async\" width=\"526\" height=\"526\" src=\"https:\/\/ladspsi.ufpa.br\/wp-content\/uploads\/2024\/11\/526x526_02.webp\" class=\"attachment-full size-full\" alt=\"\" srcset=\"https:\/\/ladspsi.ufpa.br\/wp-content\/uploads\/2024\/11\/526x526_02.webp 526w, https:\/\/ladspsi.ufpa.br\/wp-content\/uploads\/2024\/11\/526x526_02-300x300.webp 300w, https:\/\/ladspsi.ufpa.br\/wp-content\/uploads\/2024\/11\/526x526_02-150x150.webp 150w\" sizes=\"(max-width: 526px) 100vw, 526px\" \/><\/a>\n\t\t\t<\/div><\/figure><figure class='gallery-item'>\n\t\t\t<div class='gallery-icon landscape'>\n\t\t\t\t<a data-elementor-open-lightbox=\"yes\" data-elementor-lightbox-slideshow=\"1cd0ad96\" data-elementor-lightbox-title=\"526x526.jpg\" data-e-action-hash=\"#elementor-action%3Aaction%3Dlightbox%26settings%3DeyJpZCI6MTMsInVybCI6Imh0dHBzOlwvXC9sYWRzcHNpLnVmcGEuYnJcL3dwLWNvbnRlbnRcL3VwbG9hZHNcLzIwMjRcLzExXC81MjZ4NTI2LndlYnAiLCJzbGlkZXNob3ciOiIxY2QwYWQ5NiJ9\" href='https:\/\/ladspsi.ufpa.br\/wp-content\/uploads\/2024\/11\/526x526.webp'><img loading=\"lazy\" decoding=\"async\" width=\"526\" height=\"526\" src=\"https:\/\/ladspsi.ufpa.br\/wp-content\/uploads\/2024\/11\/526x526.webp\" class=\"attachment-full size-full\" alt=\"\" srcset=\"https:\/\/ladspsi.ufpa.br\/wp-content\/uploads\/2024\/11\/526x526.webp 526w, https:\/\/ladspsi.ufpa.br\/wp-content\/uploads\/2024\/11\/526x526-300x300.webp 300w, https:\/\/ladspsi.ufpa.br\/wp-content\/uploads\/2024\/11\/526x526-150x150.webp 150w\" sizes=\"(max-width: 526px) 100vw, 526px\" \/><\/a>\n\t\t\t<\/div><\/figure>\n\t\t<\/div>\n\t\t<\/div>\n\t\t\t\t\t\t<\/div>\n\t\t\t\t<\/div>\n\t\t\t\t<div class=\"elementor-element elementor-element-6f81d79d elementor-align-center elementor-invisible elementor-widget elementor-widget-button\" data-id=\"6f81d79d\" data-element_type=\"widget\" data-settings=\"{&quot;_animation&quot;:&quot;fadeInDown&quot;}\" data-widget_type=\"button.default\">\n\t\t\t\t<div class=\"elementor-widget-container\">\n\t\t\t\t\t\t\t\t\t<div class=\"elementor-button-wrapper\">\n\t\t\t\t\t<a class=\"elementor-button elementor-button-link elementor-size-sm\" href=\"https:\/\/library.elementor.com\/portfolio-wireframe-2-flexbox\/portfolio\/\">\n\t\t\t\t\t\t<span class=\"elementor-button-content-wrapper\">\n\t\t\t\t\t\t\t\t\t<span class=\"elementor-button-text\">View All Projects<\/span>\n\t\t\t\t\t<\/span>\n\t\t\t\t\t<\/a>\n\t\t\t\t<\/div>\n\t\t\t\t\t\t\t\t<\/div>\n\t\t\t\t<\/div>\n\t\t\t\t<\/div>\n\t\t<div class=\"elementor-element elementor-element-79296d2b e-con-full e-flex e-con e-parent\" data-id=\"79296d2b\" data-element_type=\"container\" data-settings=\"{&quot;background_background&quot;:&quot;classic&quot;}\">\n\t\t<div class=\"elementor-element elementor-element-510b9c74 e-con-full e-flex e-con e-child\" data-id=\"510b9c74\" data-element_type=\"container\">\n\t\t\t\t<div class=\"elementor-element elementor-element-352d86 elementor-widget elementor-widget-heading\" data-id=\"352d86\" data-element_type=\"widget\" data-widget_type=\"heading.default\">\n\t\t\t\t<div class=\"elementor-widget-container\">\n\t\t\t\t\t<h2 class=\"elementor-heading-title elementor-size-default\">A Title That Gets the Visitor to Contact You<\/h2>\t\t\t\t<\/div>\n\t\t\t\t<\/div>\n\t\t\t\t<div class=\"elementor-element elementor-element-3a9068a0 elementor-widget elementor-widget-text-editor\" data-id=\"3a9068a0\" data-element_type=\"widget\" data-widget_type=\"text-editor.default\">\n\t\t\t\t<div class=\"elementor-widget-container\">\n\t\t\t\t\t\t\t\t\t<p>This is your chance to emphasize why the visitor should contact you right now.<\/p>\t\t\t\t\t\t\t\t<\/div>\n\t\t\t\t<\/div>\n\t\t\t\t<div class=\"elementor-element elementor-element-52ad0315 elementor-invisible elementor-widget elementor-widget-button\" data-id=\"52ad0315\" data-element_type=\"widget\" data-settings=\"{&quot;_animation&quot;:&quot;fadeInDown&quot;}\" data-widget_type=\"button.default\">\n\t\t\t\t<div class=\"elementor-widget-container\">\n\t\t\t\t\t\t\t\t\t<div class=\"elementor-button-wrapper\">\n\t\t\t\t\t<a class=\"elementor-button elementor-button-link elementor-size-sm\" href=\"https:\/\/library.elementor.com\/portfolio-wireframe-2-flexbox\/contact\/\">\n\t\t\t\t\t\t<span class=\"elementor-button-content-wrapper\">\n\t\t\t\t\t\t\t\t\t<span class=\"elementor-button-text\">Get in touch<\/span>\n\t\t\t\t\t<\/span>\n\t\t\t\t\t<\/a>\n\t\t\t\t<\/div>\n\t\t\t\t\t\t\t\t<\/div>\n\t\t\t\t<\/div>\n\t\t\t\t<\/div>\n\t\t<div class=\"elementor-element elementor-element-7df6c05d e-con-full e-flex e-con e-child\" data-id=\"7df6c05d\" data-element_type=\"container\">\n\t\t\t\t<div class=\"elementor-element elementor-element-30d25159 elementor-widget elementor-widget-image\" data-id=\"30d25159\" data-element_type=\"widget\" data-widget_type=\"image.default\">\n\t\t\t\t<div class=\"elementor-widget-container\">\n\t\t\t\t\t\t\t\t\t\t\t\t\t\t\t<img loading=\"lazy\" decoding=\"async\" width=\"683\" height=\"600\" src=\"https:\/\/ladspsi.ufpa.br\/wp-content\/uploads\/2024\/11\/Image_Placeholder-13122021.webp\" class=\"attachment-full size-full wp-image-24\" alt=\"\" srcset=\"https:\/\/ladspsi.ufpa.br\/wp-content\/uploads\/2024\/11\/Image_Placeholder-13122021.webp 683w, https:\/\/ladspsi.ufpa.br\/wp-content\/uploads\/2024\/11\/Image_Placeholder-13122021-300x264.webp 300w\" sizes=\"(max-width: 683px) 100vw, 683px\" \/>\t\t\t\t\t\t\t\t\t\t\t\t\t\t\t<\/div>\n\t\t\t\t<\/div>\n\t\t\t\t<\/div>\n\t\t\t\t<\/div>\n\t\t\t\t<\/div>\n\t\t","protected":false},"excerpt":{"rendered":"<p>Sobre N\u00f3s O Laborat\u00f3rio de Desenvolvimento e Sa\u00fade (LADS) \u00e9 um grupo de pesquisa da Universidade Federal do Par\u00e1 (UFPA) que se dedica ao estudo e \u00e0 promo\u00e7\u00e3o do bem-estar psicol\u00f3gico. Nosso foco \u00e9 investigar diversas \u00e1reas da psicologia, incluindo desenvolvimento humano, din\u00e2mica familiar, avalia\u00e7\u00e3o psicol\u00f3gica e interven\u00e7\u00f5es psicoter\u00e1picas.<\/p>\n","protected":false},"author":2,"featured_media":0,"parent":0,"menu_order":0,"comment_status":"closed","ping_status":"closed","template":"","meta":{"footnotes":""},"class_list":["post-16","page","type-page","status-publish","hentry"],"_links":{"self":[{"href":"https:\/\/ladspsi.ufpa.br\/index.php?rest_route=\/wp\/v2\/pages\/16","targetHints":{"allow":["GET"]}}],"collection":[{"href":"https:\/\/ladspsi.ufpa.br\/index.php?rest_route=\/wp\/v2\/pages"}],"about":[{"href":"https:\/\/ladspsi.ufpa.br\/index.php?rest_route=\/wp\/v2\/types\/page"}],"author":[{"embeddable":true,"href":"https:\/\/ladspsi.ufpa.br\/index.php?rest_route=\/wp\/v2\/users\/2"}],"replies":[{"embeddable":true,"href":"https:\/\/ladspsi.ufpa.br\/index.php?rest_route=%2Fwp%2Fv2%2Fcomments&post=16"}],"version-history":[{"count":15,"href":"https:\/\/ladspsi.ufpa.br\/index.php?rest_route=\/wp\/v2\/pages\/16\/revisions"}],"predecessor-version":[{"id":170,"href":"https:\/\/ladspsi.ufpa.br\/index.php?rest_route=\/wp\/v2\/pages\/16\/revisions\/170"}],"wp:attachment":[{"href":"https:\/\/ladspsi.ufpa.br\/index.php?rest_route=%2Fwp%2Fv2%2Fmedia&parent=16"}],"curies":[{"name":"wp","href":"https:\/\/api.w.org\/{rel}","templated":true}]}}