{"id":115,"date":"2024-11-07T14:59:17","date_gmt":"2024-11-07T17:59:17","guid":{"rendered":"https:\/\/ladspsi.ufpa.br\/?page_id=115"},"modified":"2025-07-01T10:47:07","modified_gmt":"2025-07-01T13:47:07","slug":"producoes-academicas","status":"publish","type":"page","link":"https:\/\/ladspsi.ufpa.br\/?page_id=115","title":{"rendered":"Publica\u00e7\u00f5es"},"content":{"rendered":"\r\n<div class=\"wp-block-group has-global-padding is-layout-constrained wp-block-group-is-layout-constrained\">\r\n<h1 class=\"wp-block-heading\">Publica\u00e7\u00f5es<\/h1>\r\n\r\n\r\n Abaixo voc\u00ea encontra uma lista de publica\u00e7\u00f5es e artigos cient\u00edficos de membros da nossa equipe. Clique nos links para acessar os trabalhos completos. \r\n\r\n\r\n<ul class=\"wp-block-list\">\r\n<li style=\"list-style-type: none;\">\r\n<ul>\r\n<li>Bentes, A. C. de O., Pedroso, J. da S., &amp; Maciel, C. A. B. (2012). O idoso nas institui\u00e7\u00f5es de longa perman\u00eancia: uma revis\u00e3o bibliogr\u00e1fica. <i>Aletheia<\/i>, <i>38-39<\/i>, 196\u2013205.<\/li>\r\n<\/ul>\r\n<\/li>\r\n<\/ul>\r\n\r\n\r\n\r\n<ul>\r\n<li style=\"list-style-type: none;\">\r\n<ul>\r\n<li>Carvalho, P. D. P., Magalh\u00e3es, C. M. C., &amp; Pedroso, J. da S. (2016). Tratamentos n\u00e3o farmacol\u00f3gicos que melhoram a qualidade de vida de idosos com doen\u00e7a de Alzheimer: uma revis\u00e3o sistem\u00e1tica. <i>Jornal Brasileiro de Psiquiatria<\/i>, <i>65<\/i>(4). <a href=\"https:\/\/doi.org\/10.1590\/0047-2085000000142\" target=\"_blank\" rel=\"noreferrer noopener\">https:\/\/doi.org\/10.1590\/0047-2085000000142<\/a><\/li>\r\n<\/ul>\r\n<\/li>\r\n<\/ul>\r\n\r\n\r\n\r\n<ul>\r\n<li style=\"list-style-type: none;\">\r\n<ul>\r\n<li>Neira, C., Godinho, R., Rinc\u00f3n, F., Mardones, R., &amp; Pedroso, J. (2021). Consequences of the COVID-19 Syndemic for Nutritional Health: A Systematic Review. <i>Nutrients<\/i>, <i>13<\/i>(4). <a href=\"https:\/\/doi.org\/10.3390\/nu13041168\" target=\"_blank\" rel=\"noreferrer noopener\">https:\/\/doi.org\/10.3390\/nu13041168<\/a><\/li>\r\n<\/ul>\r\n<\/li>\r\n<\/ul>\r\n\r\n\r\n\r\n<ul>\r\n<li style=\"list-style-type: none;\">\r\n<ul>\r\n<li>Uribe, F. A. R., Espejo, C. A. N., &amp; Pedroso, J. da S. (2021). The Role of Optimism in Adolescent Mental Health: A Systematic Review. <i>Journal of Happiness Studies<\/i>, <i>23<\/i>(2), 815\u2013845. <a href=\"https:\/\/doi.org\/10.1007\/s10902-021-00425-x\" target=\"_blank\" rel=\"noreferrer noopener\">https:\/\/doi.org\/10.1007\/s10902-021-00425-x<\/a><\/li>\r\n<\/ul>\r\n<\/li>\r\n<\/ul>\r\n\r\n\r\n\r\n<ul>\r\n<li style=\"list-style-type: none;\">\r\n<ul>\r\n<li>Uribe, F. A. R., Godinho, R. C. de S., Machado, M. A. S., Oliveira, K. R. da S. G., Espejo, C. A. N., Sousa, N. C. V. de, Sousa, L. L. de, Barbalho, M. V. M., Piani, P. P. F., &amp; Pedroso, J. da S. (2021). Health knowledge, health behaviors and attitudes during pandemic emergencies: A systematic review. <i>PLOS ONE<\/i>, <i>16<\/i>(9), e0256731. <a href=\"https:\/\/doi.org\/10.1371\/journal.pone.0256731\" target=\"_blank\" rel=\"noreferrer noopener\">https:\/\/doi.org\/10.1371\/journal.pone.0256731<\/a><\/li>\r\n<\/ul>\r\n<\/li>\r\n<\/ul>\r\n<\/div>","protected":false},"excerpt":{"rendered":"<p>Publica\u00e7\u00f5es Abaixo voc\u00ea encontra uma lista de publica\u00e7\u00f5es e artigos cient\u00edficos de membros da nossa equipe. Clique nos links para acessar os trabalhos completos.<\/p>\n","protected":false},"author":2,"featured_media":0,"parent":0,"menu_order":0,"comment_status":"closed","ping_status":"closed","template":"","meta":{"footnotes":""},"class_list":["post-115","page","type-page","status-publish","hentry"],"_links":{"self":[{"href":"https:\/\/ladspsi.ufpa.br\/index.php?rest_route=\/wp\/v2\/pages\/115","targetHints":{"allow":["GET"]}}],"collection":[{"href":"https:\/\/ladspsi.ufpa.br\/index.php?rest_route=\/wp\/v2\/pages"}],"about":[{"href":"https:\/\/ladspsi.ufpa.br\/index.php?rest_route=\/wp\/v2\/types\/page"}],"author":[{"embeddable":true,"href":"https:\/\/ladspsi.ufpa.br\/index.php?rest_route=\/wp\/v2\/users\/2"}],"replies":[{"embeddable":true,"href":"https:\/\/ladspsi.ufpa.br\/index.php?rest_route=%2Fwp%2Fv2%2Fcomments&post=115"}],"version-history":[{"count":5,"href":"https:\/\/ladspsi.ufpa.br\/index.php?rest_route=\/wp\/v2\/pages\/115\/revisions"}],"predecessor-version":[{"id":169,"href":"https:\/\/ladspsi.ufpa.br\/index.php?rest_route=\/wp\/v2\/pages\/115\/revisions\/169"}],"wp:attachment":[{"href":"https:\/\/ladspsi.ufpa.br\/index.php?rest_route=%2Fwp%2Fv2%2Fmedia&parent=115"}],"curies":[{"name":"wp","href":"https:\/\/api.w.org\/{rel}","templated":true}]}}