{"id":103,"date":"2024-11-07T14:45:29","date_gmt":"2024-11-07T17:45:29","guid":{"rendered":"https:\/\/ladspsi.ufpa.br\/?page_id=103"},"modified":"2025-07-01T10:11:40","modified_gmt":"2025-07-01T13:11:40","slug":"contato","status":"publish","type":"page","link":"https:\/\/ladspsi.ufpa.br\/","title":{"rendered":"Contato"},"content":{"rendered":"\t\t<div data-elementor-type=\"wp-page\" data-elementor-id=\"103\" class=\"elementor elementor-103\">\n\t\t\t\t<div class=\"elementor-element elementor-element-b370dc5 e-flex e-con-boxed e-con e-parent\" data-id=\"b370dc5\" data-element_type=\"container\">\n\t\t\t\t\t<div class=\"e-con-inner\">\n\t\t\t\t<div class=\"elementor-element elementor-element-ef89184 elementor-widget elementor-widget-text-editor\" data-id=\"ef89184\" data-element_type=\"widget\" data-widget_type=\"text-editor.default\">\n\t\t\t\t<div class=\"elementor-widget-container\">\n\t\t\t\t\t\t\t\t\t<p>Entre em contato conosco!<\/p><p>Se voc\u00ea tiver alguma d\u00favida, sugest\u00e3o ou quiser saber mais sobre o nosso trabalho, fique \u00e0 vontade para nos contatar. Estamos aqui para ajudar!<\/p><p>Informa\u00e7\u00f5es de Contato<\/p><ul><li><strong>E-mail:<\/strong>\u00a0<a href=\"mailto:ladsufpa@gmail.com\">ladsufpa@gmail.com<\/a><\/li><li><strong>Telefone:<\/strong>\u00a0(91) 9 8548-8370<\/li><li><strong>Endere\u00e7o:<\/strong>\u00a0Rua Augusto Correa, 1 \u2013 Guam\u00e1, Bel\u00e9m-PA, CEP: 66075-110<\/li><\/ul><p>Redes Sociais<\/p><p>Siga-nos nas redes sociais para ficar por dentro das nossas atividades:<\/p><ul><li><a href=\"https:\/\/www.instagram.com\/lads.ufpa\/\">Instagram<\/a><\/li><li><a href=\"https:\/\/www.youtube.com\/@lads_ufpa\">YouTube<\/a><\/li><\/ul>\t\t\t\t\t\t\t\t<\/div>\n\t\t\t\t<\/div>\n\t\t\t\t\t<\/div>\n\t\t\t\t<\/div>\n\t\t\t\t<\/div>\n\t\t","protected":false},"excerpt":{"rendered":"<p>Entre em contato conosco! Se voc\u00ea tiver alguma d\u00favida, sugest\u00e3o ou quiser saber mais sobre o nosso trabalho, fique \u00e0 vontade para nos contatar. Estamos aqui para ajudar! Informa\u00e7\u00f5es de Contato Redes Sociais Siga-nos para ficar por dentro de todas as nossas atividades e novidades:<\/p>\n","protected":false},"author":2,"featured_media":0,"parent":0,"menu_order":0,"comment_status":"closed","ping_status":"closed","template":"","meta":{"footnotes":""},"class_list":["post-103","page","type-page","status-publish","hentry"],"_links":{"self":[{"href":"https:\/\/ladspsi.ufpa.br\/index.php?rest_route=\/wp\/v2\/pages\/103","targetHints":{"allow":["GET"]}}],"collection":[{"href":"https:\/\/ladspsi.ufpa.br\/index.php?rest_route=\/wp\/v2\/pages"}],"about":[{"href":"https:\/\/ladspsi.ufpa.br\/index.php?rest_route=\/wp\/v2\/types\/page"}],"author":[{"embeddable":true,"href":"https:\/\/ladspsi.ufpa.br\/index.php?rest_route=\/wp\/v2\/users\/2"}],"replies":[{"embeddable":true,"href":"https:\/\/ladspsi.ufpa.br\/index.php?rest_route=%2Fwp%2Fv2%2Fcomments&post=103"}],"version-history":[{"count":8,"href":"https:\/\/ladspsi.ufpa.br\/index.php?rest_route=\/wp\/v2\/pages\/103\/revisions"}],"predecessor-version":[{"id":140,"href":"https:\/\/ladspsi.ufpa.br\/index.php?rest_route=\/wp\/v2\/pages\/103\/revisions\/140"}],"wp:attachment":[{"href":"https:\/\/ladspsi.ufpa.br\/index.php?rest_route=%2Fwp%2Fv2%2Fmedia&parent=103"}],"curies":[{"name":"wp","href":"https:\/\/api.w.org\/{rel}","templated":true}]}}